{"id":3194,"date":"2026-02-06T13:57:13","date_gmt":"2026-02-06T18:57:13","guid":{"rendered":"https:\/\/nativecigarettedepot.asban.dev\/?post_type=product&#038;p=3194"},"modified":"2026-03-13T13:02:31","modified_gmt":"2026-03-13T17:02:31","slug":"niq-pearl-blueberry-jam","status":"publish","type":"product","link":"https:\/\/nativecigarettedepot.asban.dev\/en\/produit\/niq-pearl-blueberry-jam\/","title":{"rendered":"NIQ Pearl Blueberry Jam (Up to 50,000 Puffs)"},"content":{"rendered":"<h3>Saveur :<\/h3>\n<p><a href=\"\/marque\/niq-pearl\/\">NIQ Pearl<\/a> Blueberry Jam propose une exp\u00e9rience de vape riche et onctueuse, capturant la douceur authentique d&#8217;une confiture de bleuets maison. Gr\u00e2ce \u00e0 son r\u00e9servoir transparent de 20 ml et sa r\u00e9sistance dual-zone de 1.0\u03a9, chaque bouff\u00e9e d\u00e9livre un ar\u00f4me de baie prononc\u00e9 et savoureux, maintenu avec une pr\u00e9cision parfaite du d\u00e9but \u00e0 la fin.<\/p>\n<h3>Intensit\u00e9 :<\/h3>\n<p><strong>Moyenne \u00e0 forte<\/strong>. Avec un dosage de 11 mg, cette variante est con\u00e7ue pour ceux qui recherchent une exp\u00e9rience plus marqu\u00e9e et percutante. Elle offre un \u00e9quilibre id\u00e9al entre une saveur gourmande et un kick de nicotine robuste, garantissant une satisfaction longue dur\u00e9e sans compromis sur le go\u00fbt.<\/p>\n<h3>Marque :<\/h3>\n<p><a href=\"\/marque\/niq-pearl\/\">NIQ Pearl<\/a> est une marque pionni\u00e8re et embl\u00e9matique dans l&#8217;univers des sachets de nicotine sans tabac. Reconnue mondialement pour son innovation et la qualit\u00e9 sup\u00e9rieure de ses produits, elle demeure la r\u00e9f\u00e9rence pour ceux qui exigent discr\u00e9tion, confort et fiabilit\u00e9 sans aucun compromis sur le plaisir.<\/p>\n","protected":false},"excerpt":{"rendered":"<p>Une endurance record pour une saveur gourmande. Profitez de 50 000 bouff\u00e9es d&#8217;une confiture de bleuets intens\u00e9ment sucr\u00e9e, propuls\u00e9e par une technologie de chauffe intelligente pour une vapeur lisse et constante.<\/p>\n","protected":false},"featured_media":3220,"comment_status":"closed","ping_status":"closed","template":"","meta":{"_seopress_robots_primary_cat":"","_seopress_titles_title":"","_seopress_titles_desc":"","_seopress_robots_index":""},"product_brand":[90],"product_cat":[29],"product_tag":[],"class_list":{"0":"post-3194","1":"product","2":"type-product","3":"status-publish","4":"has-post-thumbnail","6":"product_brand-niq-pearl","7":"product_cat-vapes","9":"first","10":"instock","11":"shipping-taxable","12":"purchasable","13":"product-type-variable","14":"has-default-attributes"},"_links":{"self":[{"href":"https:\/\/nativecigarettedepot.asban.dev\/en\/wp-json\/wp\/v2\/product\/3194","targetHints":{"allow":["GET"]}}],"collection":[{"href":"https:\/\/nativecigarettedepot.asban.dev\/en\/wp-json\/wp\/v2\/product"}],"about":[{"href":"https:\/\/nativecigarettedepot.asban.dev\/en\/wp-json\/wp\/v2\/types\/product"}],"replies":[{"embeddable":true,"href":"https:\/\/nativecigarettedepot.asban.dev\/en\/wp-json\/wp\/v2\/comments?post=3194"}],"wp:featuredmedia":[{"embeddable":true,"href":"https:\/\/nativecigarettedepot.asban.dev\/en\/wp-json\/wp\/v2\/media\/3220"}],"wp:attachment":[{"href":"https:\/\/nativecigarettedepot.asban.dev\/en\/wp-json\/wp\/v2\/media?parent=3194"}],"wp:term":[{"taxonomy":"product_brand","embeddable":true,"href":"https:\/\/nativecigarettedepot.asban.dev\/en\/wp-json\/wp\/v2\/product_brand?post=3194"},{"taxonomy":"product_cat","embeddable":true,"href":"https:\/\/nativecigarettedepot.asban.dev\/en\/wp-json\/wp\/v2\/product_cat?post=3194"},{"taxonomy":"product_tag","embeddable":true,"href":"https:\/\/nativecigarettedepot.asban.dev\/en\/wp-json\/wp\/v2\/product_tag?post=3194"}],"curies":[{"name":"wp","href":"https:\/\/api.w.org\/{rel}","templated":true}]}}