{"id":3189,"date":"2026-02-06T13:37:37","date_gmt":"2026-02-06T18:37:37","guid":{"rendered":"https:\/\/nativecigarettedepot.asban.dev\/?post_type=product&#038;p=3189"},"modified":"2026-03-10T14:17:28","modified_gmt":"2026-03-10T18:17:28","slug":"zyn-black-cherry-mini","status":"publish","type":"product","link":"https:\/\/nativecigarettedepot.asban.dev\/en\/produit\/zyn-black-cherry-mini\/","title":{"rendered":"Zyn Black Cherry Mini (6mg)"},"content":{"rendered":"<h3>Saveur :<\/h3>\n<p><a href=\"\/marque\/zyn\/\">Zyn<\/a> Black Cherry propose une exp\u00e9rience sensorielle \u00e9l\u00e9gante, centr\u00e9e sur la richesse aromatique de la cerise noire. Son m\u00e9lange expert offre une saveur profonde et l\u00e9g\u00e8rement sucr\u00e9e, id\u00e9ale pour les utilisateurs qui appr\u00e9cient les profils fruit\u00e9s sophistiqu\u00e9s avec une touche de gourmandise qui reste agr\u00e9able en bouche.<\/p>\n<h3>Intensit\u00e9 :<\/h3>\n<p><strong>Mod\u00e9r\u00e9e<\/strong>. Avec un dosage de 6 mg, cette version offre une stimulation douce et ma\u00eetris\u00e9e. Le format &#8220;Mini&#8221; est sp\u00e9cifiquement con\u00e7u pour une discr\u00e9tion absolue et un confort optimal sous la l\u00e8vre, permettant de profiter d&#8217;un moment de d\u00e9tente fluide sans l&#8217;intensit\u00e9 des formats plus forts.<\/p>\n<h3>Marque :<\/h3>\n<p><a href=\"\/marque\/zyn\/\">Zyn<\/a> est une marque pionni\u00e8re et embl\u00e9matique dans l&#8217;univers des sachets de nicotine sans tabac. Reconnue mondialement pour son innovation et la qualit\u00e9 sup\u00e9rieure de ses produits, elle demeure la r\u00e9f\u00e9rence pour ceux qui exigent discr\u00e9tion, confort et fiabilit\u00e9 sans aucun compromis sur le plaisir.<\/p>\n","protected":false},"excerpt":{"rendered":"<p>L\u2019\u00e9l\u00e9gance d\u2019une cerise noire intense associ\u00e9e \u00e0 une satisfaction discr\u00e8te. Un format mini ultra-confortable pour une exp\u00e9rience fruit\u00e9e, riche et \u00e9quilibr\u00e9e \u00e0 6 mg de nicotine.<\/p>\n","protected":false},"featured_media":3191,"comment_status":"closed","ping_status":"closed","template":"","meta":{"_seopress_robots_primary_cat":"","_seopress_titles_title":"","_seopress_titles_desc":"","_seopress_robots_index":""},"product_brand":[56],"product_cat":[87],"product_tag":[],"class_list":{"0":"post-3189","1":"product","2":"type-product","3":"status-publish","4":"has-post-thumbnail","6":"product_brand-zyn","7":"product_cat-nicotine-pouches","9":"first","10":"instock","11":"shipping-taxable","12":"purchasable","13":"product-type-variable","14":"has-default-attributes"},"_links":{"self":[{"href":"https:\/\/nativecigarettedepot.asban.dev\/en\/wp-json\/wp\/v2\/product\/3189","targetHints":{"allow":["GET"]}}],"collection":[{"href":"https:\/\/nativecigarettedepot.asban.dev\/en\/wp-json\/wp\/v2\/product"}],"about":[{"href":"https:\/\/nativecigarettedepot.asban.dev\/en\/wp-json\/wp\/v2\/types\/product"}],"replies":[{"embeddable":true,"href":"https:\/\/nativecigarettedepot.asban.dev\/en\/wp-json\/wp\/v2\/comments?post=3189"}],"wp:featuredmedia":[{"embeddable":true,"href":"https:\/\/nativecigarettedepot.asban.dev\/en\/wp-json\/wp\/v2\/media\/3191"}],"wp:attachment":[{"href":"https:\/\/nativecigarettedepot.asban.dev\/en\/wp-json\/wp\/v2\/media?parent=3189"}],"wp:term":[{"taxonomy":"product_brand","embeddable":true,"href":"https:\/\/nativecigarettedepot.asban.dev\/en\/wp-json\/wp\/v2\/product_brand?post=3189"},{"taxonomy":"product_cat","embeddable":true,"href":"https:\/\/nativecigarettedepot.asban.dev\/en\/wp-json\/wp\/v2\/product_cat?post=3189"},{"taxonomy":"product_tag","embeddable":true,"href":"https:\/\/nativecigarettedepot.asban.dev\/en\/wp-json\/wp\/v2\/product_tag?post=3189"}],"curies":[{"name":"wp","href":"https:\/\/api.w.org\/{rel}","templated":true}]}}