{"id":3187,"date":"2026-02-06T13:29:09","date_gmt":"2026-02-06T18:29:09","guid":{"rendered":"https:\/\/nativecigarettedepot.asban.dev\/?post_type=product&#038;p=3187"},"modified":"2026-03-10T14:37:43","modified_gmt":"2026-03-10T18:37:43","slug":"zyn-cool-blueberry-strong","status":"publish","type":"product","link":"https:\/\/nativecigarettedepot.asban.dev\/en\/produit\/zyn-cool-blueberry-strong\/","title":{"rendered":"Zyn Cool Blueberry Strong"},"content":{"rendered":"<h3>Saveur :<\/h3>\n<p><a href=\"\/marque\/zyn\/\">Zyn<\/a> Cool Blueberry propose une exp\u00e9rience fruit\u00e9e et rafra\u00eechissante, mariant la douceur sucr\u00e9e des bleuets m\u00fbrs \u00e0 une touche de menthol givr\u00e9. Ce m\u00e9lange \u00e9quilibr\u00e9 offre une saveur \u00e0 la fois acidul\u00e9e et fra\u00eeche, id\u00e9ale pour les utilisateurs qui recherchent une alternative aromatique et une sensation de propret\u00e9 durable en bouche.<\/p>\n<h3>Intensit\u00e9 :<\/h3>\n<p><strong>Forte<\/strong>. Avec un dosage de 6 mg de nicotine par sachet, cette variante offre un &#8220;kick&#8221; satisfaisant mais ma\u00eetris\u00e9. Sa diffusion est con\u00e7ue pour \u00eatre fluide et constante, ce qui en fait un choix parfait pour une consommation r\u00e9guli\u00e8re tout au long de la journ\u00e9e, sans exc\u00e8s de puissance mais avec une efficacit\u00e9 r\u00e9elle.<\/p>\n<h3>Marque :<\/h3>\n<p><a href=\"\/marque\/zyn\/\">Zyn<\/a> est une marque pionni\u00e8re et embl\u00e9matique dans l&#8217;univers des sachets de nicotine sans tabac. Reconnue mondialement pour son innovation et la qualit\u00e9 sup\u00e9rieure de ses produits, elle demeure la r\u00e9f\u00e9rence pour ceux qui exigent discr\u00e9tion, confort et fiabilit\u00e9 sans aucun compromis sur le plaisir.<\/p>\n","protected":false},"excerpt":{"rendered":"<p>L&#8217;\u00e9quilibre parfait entre gourmandise et fra\u00eecheur. Savourez l&#8217;alliance d&#8217;un bleuet fruit\u00e9 et d&#8217;une pointe de menthol dans un format l\u00e9ger de 6 mg, id\u00e9al pour une exp\u00e9rience douce et savoureuse \u00e0 tout moment de la journ\u00e9e.<\/p>\n","protected":false},"featured_media":3662,"comment_status":"closed","ping_status":"closed","template":"","meta":{"_seopress_robots_primary_cat":"","_seopress_titles_title":"","_seopress_titles_desc":"","_seopress_robots_index":""},"product_brand":[56],"product_cat":[87],"product_tag":[],"class_list":{"0":"post-3187","1":"product","2":"type-product","3":"status-publish","4":"has-post-thumbnail","6":"product_brand-zyn","7":"product_cat-nicotine-pouches","9":"first","10":"instock","11":"shipping-taxable","12":"purchasable","13":"product-type-variable","14":"has-default-attributes"},"_links":{"self":[{"href":"https:\/\/nativecigarettedepot.asban.dev\/en\/wp-json\/wp\/v2\/product\/3187","targetHints":{"allow":["GET"]}}],"collection":[{"href":"https:\/\/nativecigarettedepot.asban.dev\/en\/wp-json\/wp\/v2\/product"}],"about":[{"href":"https:\/\/nativecigarettedepot.asban.dev\/en\/wp-json\/wp\/v2\/types\/product"}],"replies":[{"embeddable":true,"href":"https:\/\/nativecigarettedepot.asban.dev\/en\/wp-json\/wp\/v2\/comments?post=3187"}],"wp:featuredmedia":[{"embeddable":true,"href":"https:\/\/nativecigarettedepot.asban.dev\/en\/wp-json\/wp\/v2\/media\/3662"}],"wp:attachment":[{"href":"https:\/\/nativecigarettedepot.asban.dev\/en\/wp-json\/wp\/v2\/media?parent=3187"}],"wp:term":[{"taxonomy":"product_brand","embeddable":true,"href":"https:\/\/nativecigarettedepot.asban.dev\/en\/wp-json\/wp\/v2\/product_brand?post=3187"},{"taxonomy":"product_cat","embeddable":true,"href":"https:\/\/nativecigarettedepot.asban.dev\/en\/wp-json\/wp\/v2\/product_cat?post=3187"},{"taxonomy":"product_tag","embeddable":true,"href":"https:\/\/nativecigarettedepot.asban.dev\/en\/wp-json\/wp\/v2\/product_tag?post=3187"}],"curies":[{"name":"wp","href":"https:\/\/api.w.org\/{rel}","templated":true}]}}