{"id":2972,"date":"2026-01-19T11:37:05","date_gmt":"2026-01-19T16:37:05","guid":{"rendered":"https:\/\/nativecigarettedepot.asban.dev\/?post_type=product&#038;p=2972"},"modified":"2026-02-26T09:28:04","modified_gmt":"2026-02-26T14:28:04","slug":"macdonald-smooth","status":"publish","type":"product","link":"https:\/\/nativecigarettedepot.asban.dev\/en\/produit\/macdonald-smooth\/","title":{"rendered":"Macdonald Smooth"},"content":{"rendered":"<h3>Saveur :<\/h3>\n<p><a href=\"\/marque\/macdonald\/\">Macdonald<\/a> Smooth propose une exp\u00e9rience de fumage plus douce et l\u00e9g\u00e8re, tout en conservant l\u2019authenticit\u00e9 du tabac. Son m\u00e9lange soigneusement \u00e9labor\u00e9 offre une saveur \u00e9quilibr\u00e9e et subtile, id\u00e9ale pour les fumeurs qui privil\u00e9gient une fum\u00e9e d\u00e9licate et agr\u00e9able au quotidien.<\/p>\n<h3>Intensit\u00e9 :<\/h3>\n<p><strong>Douce \u00e0 moyenne<\/strong>. Cette variante se distingue par une fum\u00e9e plus l\u00e9g\u00e8re et fluide, avec une intensit\u00e9 r\u00e9duite qui favorise le confort sans sacrifier le go\u00fbt. Un choix appr\u00e9ci\u00e9 pour une consommation r\u00e9guli\u00e8re et sans exc\u00e8s de puissance.<\/p>\n<h3>Marque :<\/h3>\n<p><a href=\"\/marque\/macdonald\/\">Macdonald<\/a> est une marque embl\u00e9matique du tabac, reconnue pour son savoir-faire et la constance de ses produits. Forte de son h\u00e9ritage, elle demeure une r\u00e9f\u00e9rence pour les fumeurs \u00e0 la recherche d\u2019une cigarette classique, fiable et de qualit\u00e9.<\/p>\n","protected":false},"excerpt":{"rendered":"<p><a href=\"\/marque\/macdonald\/\">Macdonald<\/a> Smooth offre une fum\u00e9e douce et \u00e9quilibr\u00e9e, avec une intensit\u00e9 l\u00e9g\u00e8re \u00e0 moyenne pour une exp\u00e9rience de fumage fluide et agr\u00e9able au quotidien.<\/p>\n","protected":false},"featured_media":3040,"comment_status":"closed","ping_status":"closed","template":"","meta":{"_seopress_robots_primary_cat":"","_seopress_titles_title":"","_seopress_titles_desc":"","_seopress_robots_index":""},"product_brand":[85],"product_cat":[27,82],"product_tag":[],"class_list":{"0":"post-2972","1":"product","2":"type-product","3":"status-publish","4":"has-post-thumbnail","6":"product_brand-macdonald","7":"product_cat-cigarettes","8":"product_cat-cigarettes-legeres","10":"first","11":"instock","12":"shipping-taxable","13":"purchasable","14":"product-type-variable","15":"has-default-attributes"},"_links":{"self":[{"href":"https:\/\/nativecigarettedepot.asban.dev\/en\/wp-json\/wp\/v2\/product\/2972","targetHints":{"allow":["GET"]}}],"collection":[{"href":"https:\/\/nativecigarettedepot.asban.dev\/en\/wp-json\/wp\/v2\/product"}],"about":[{"href":"https:\/\/nativecigarettedepot.asban.dev\/en\/wp-json\/wp\/v2\/types\/product"}],"replies":[{"embeddable":true,"href":"https:\/\/nativecigarettedepot.asban.dev\/en\/wp-json\/wp\/v2\/comments?post=2972"}],"wp:featuredmedia":[{"embeddable":true,"href":"https:\/\/nativecigarettedepot.asban.dev\/en\/wp-json\/wp\/v2\/media\/3040"}],"wp:attachment":[{"href":"https:\/\/nativecigarettedepot.asban.dev\/en\/wp-json\/wp\/v2\/media?parent=2972"}],"wp:term":[{"taxonomy":"product_brand","embeddable":true,"href":"https:\/\/nativecigarettedepot.asban.dev\/en\/wp-json\/wp\/v2\/product_brand?post=2972"},{"taxonomy":"product_cat","embeddable":true,"href":"https:\/\/nativecigarettedepot.asban.dev\/en\/wp-json\/wp\/v2\/product_cat?post=2972"},{"taxonomy":"product_tag","embeddable":true,"href":"https:\/\/nativecigarettedepot.asban.dev\/en\/wp-json\/wp\/v2\/product_tag?post=2972"}],"curies":[{"name":"wp","href":"https:\/\/api.w.org\/{rel}","templated":true}]}}