{"id":2968,"date":"2026-01-19T11:10:08","date_gmt":"2026-01-19T16:10:08","guid":{"rendered":"https:\/\/nativecigarettedepot.asban.dev\/?post_type=product&#038;p=2968"},"modified":"2026-02-26T09:26:01","modified_gmt":"2026-02-26T14:26:01","slug":"macdonald-original","status":"publish","type":"product","link":"https:\/\/nativecigarettedepot.asban.dev\/en\/produit\/macdonald-original\/","title":{"rendered":"Macdonald Original"},"content":{"rendered":"<h3>Saveur :<\/h3>\n<p><a href=\"\/marque\/macdonald\/\">Macdonald<\/a> Original offre une exp\u00e9rience de fumage authentique et \u00e9quilibr\u00e9e, fid\u00e8le au go\u00fbt classique du tabac traditionnel. Son m\u00e9lange soigneusement s\u00e9lectionn\u00e9 procure une saveur franche et naturelle, sans artifices, id\u00e9ale pour les fumeurs qui recherchent un tabac stable et reconnaissable.<\/p>\n<h3>Intensit\u00e9 :<\/h3>\n<p><strong>Moyenne \u00e0 forte<\/strong>. Cette variante propose une fum\u00e9e bien pr\u00e9sente, avec une intensit\u00e9 ma\u00eetris\u00e9e qui assure une satisfaction constante. L\u2019\u00e9quilibre entre douceur et caract\u00e8re en fait un choix polyvalent, adapt\u00e9 \u00e0 une consommation r\u00e9guli\u00e8re.<\/p>\n<h3>Marque :<\/h3>\n<p><a href=\"\/marque\/macdonald\/\">Macdonald<\/a> est une marque embl\u00e9matique du tabac, reconnue pour son savoir-faire et la constance de ses produits. Forte de son h\u00e9ritage, elle demeure une r\u00e9f\u00e9rence pour les fumeurs \u00e0 la recherche d\u2019une cigarette classique, fiable et de qualit\u00e9.<\/p>\n","protected":false},"excerpt":{"rendered":"<p><a href=\"\/marque\/macdonald\/\">Macdonald<\/a> Original offre un go\u00fbt de tabac classique et \u00e9quilibr\u00e9, avec une intensit\u00e9 moyenne \u00e0 forte pour une exp\u00e9rience de fumage authentique et constante.<\/p>\n","protected":false},"featured_media":3039,"comment_status":"closed","ping_status":"closed","template":"","meta":{"_seopress_robots_primary_cat":"","_seopress_titles_title":"","_seopress_titles_desc":"","_seopress_robots_index":""},"product_brand":[85],"product_cat":[27],"product_tag":[],"class_list":{"0":"post-2968","1":"product","2":"type-product","3":"status-publish","4":"has-post-thumbnail","6":"product_brand-macdonald","7":"product_cat-cigarettes","9":"first","10":"instock","11":"shipping-taxable","12":"purchasable","13":"product-type-variable","14":"has-default-attributes"},"_links":{"self":[{"href":"https:\/\/nativecigarettedepot.asban.dev\/en\/wp-json\/wp\/v2\/product\/2968","targetHints":{"allow":["GET"]}}],"collection":[{"href":"https:\/\/nativecigarettedepot.asban.dev\/en\/wp-json\/wp\/v2\/product"}],"about":[{"href":"https:\/\/nativecigarettedepot.asban.dev\/en\/wp-json\/wp\/v2\/types\/product"}],"replies":[{"embeddable":true,"href":"https:\/\/nativecigarettedepot.asban.dev\/en\/wp-json\/wp\/v2\/comments?post=2968"}],"wp:featuredmedia":[{"embeddable":true,"href":"https:\/\/nativecigarettedepot.asban.dev\/en\/wp-json\/wp\/v2\/media\/3039"}],"wp:attachment":[{"href":"https:\/\/nativecigarettedepot.asban.dev\/en\/wp-json\/wp\/v2\/media?parent=2968"}],"wp:term":[{"taxonomy":"product_brand","embeddable":true,"href":"https:\/\/nativecigarettedepot.asban.dev\/en\/wp-json\/wp\/v2\/product_brand?post=2968"},{"taxonomy":"product_cat","embeddable":true,"href":"https:\/\/nativecigarettedepot.asban.dev\/en\/wp-json\/wp\/v2\/product_cat?post=2968"},{"taxonomy":"product_tag","embeddable":true,"href":"https:\/\/nativecigarettedepot.asban.dev\/en\/wp-json\/wp\/v2\/product_tag?post=2968"}],"curies":[{"name":"wp","href":"https:\/\/api.w.org\/{rel}","templated":true}]}}