{"id":2964,"date":"2026-01-19T10:11:03","date_gmt":"2026-01-19T15:11:03","guid":{"rendered":"https:\/\/nativecigarettedepot.asban.dev\/?post_type=product&#038;p=2964"},"modified":"2026-02-26T09:19:04","modified_gmt":"2026-02-26T14:19:04","slug":"dumont-menthol","status":"publish","type":"product","link":"https:\/\/nativecigarettedepot.asban.dev\/en\/produit\/dumont-menthol\/","title":{"rendered":"duMont Menthol"},"content":{"rendered":"<h3>Saveur :<\/h3>\n<p>Les cigarettes <a href=\"\/marque\/dumont-cigarettes\/\">duMont<\/a> <a href=\"\/categorie-produit\/cigarettes\/cigarettes-menthol\/\">Menthol<\/a> offrent une exp\u00e9rience de fumage rafra\u00eechissante et \u00e9quilibr\u00e9e. La fra\u00eecheur du <a href=\"\/categorie-produit\/cigarettes\/cigarettes-menthol\/\">menthol<\/a> est soigneusement dos\u00e9e afin de rehausser le go\u00fbt du tabac de qualit\u00e9, sans le masquer. Chaque bouff\u00e9e procure une sensation vive et agr\u00e9able, tout en conservant la richesse naturelle du m\u00e9lange.<\/p>\n<h3>Intensit\u00e9 :<\/h3>\n<p><strong>Moyenne<\/strong>. Cette variante propose une intensit\u00e9 bien \u00e9quilibr\u00e9e, ni trop forte ni trop l\u00e9g\u00e8re, ce qui la rend adapt\u00e9e aussi bien aux amateurs de menthol qu\u2019aux fumeurs souhaitant d\u00e9couvrir une option menthol\u00e9e douce et satisfaisante.<\/p>\n<h3>Marque :<\/h3>\n<p><a href=\"\/marque\/dumont-cigarettes\/\">duMont<\/a> est reconnue pour son engagement envers la qualit\u00e9 et l\u2019innovation dans la fabrication de ses produits du tabac. La version <a href=\"\/categorie-produit\/cigarettes\/cigarettes-menthol\/\">Menthol<\/a> illustre la volont\u00e9 de la marque d\u2019offrir une gamme vari\u00e9e d\u2019exp\u00e9riences, r\u00e9pondant aux pr\u00e9f\u00e9rences des fumeurs en qu\u00eate de fra\u00eecheur et d\u2019\u00e9quilibre.<\/p>\n","protected":false},"excerpt":{"rendered":"<p><a href=\"\/marque\/dumont-cigarettes\/\">duMont<\/a> <a href=\"\/categorie-produit\/cigarettes\/cigarettes-menthol\/\">Menthol<\/a> combine la fra\u00eecheur du menthol \u00e0 un tabac de qualit\u00e9, pour une fum\u00e9e \u00e9quilibr\u00e9e et rafra\u00eechissante.<\/p>\n","protected":false},"featured_media":3031,"comment_status":"closed","ping_status":"closed","template":"","meta":{"_seopress_robots_primary_cat":"","_seopress_titles_title":"","_seopress_titles_desc":"","_seopress_robots_index":""},"product_brand":[67],"product_cat":[27,83],"product_tag":[],"class_list":{"0":"post-2964","1":"product","2":"type-product","3":"status-publish","4":"has-post-thumbnail","6":"product_brand-dumont-cigarettes","7":"product_cat-cigarettes","8":"product_cat-cigarettes-menthol","10":"first","11":"instock","12":"shipping-taxable","13":"purchasable","14":"product-type-variable","15":"has-default-attributes"},"_links":{"self":[{"href":"https:\/\/nativecigarettedepot.asban.dev\/en\/wp-json\/wp\/v2\/product\/2964","targetHints":{"allow":["GET"]}}],"collection":[{"href":"https:\/\/nativecigarettedepot.asban.dev\/en\/wp-json\/wp\/v2\/product"}],"about":[{"href":"https:\/\/nativecigarettedepot.asban.dev\/en\/wp-json\/wp\/v2\/types\/product"}],"replies":[{"embeddable":true,"href":"https:\/\/nativecigarettedepot.asban.dev\/en\/wp-json\/wp\/v2\/comments?post=2964"}],"wp:featuredmedia":[{"embeddable":true,"href":"https:\/\/nativecigarettedepot.asban.dev\/en\/wp-json\/wp\/v2\/media\/3031"}],"wp:attachment":[{"href":"https:\/\/nativecigarettedepot.asban.dev\/en\/wp-json\/wp\/v2\/media?parent=2964"}],"wp:term":[{"taxonomy":"product_brand","embeddable":true,"href":"https:\/\/nativecigarettedepot.asban.dev\/en\/wp-json\/wp\/v2\/product_brand?post=2964"},{"taxonomy":"product_cat","embeddable":true,"href":"https:\/\/nativecigarettedepot.asban.dev\/en\/wp-json\/wp\/v2\/product_cat?post=2964"},{"taxonomy":"product_tag","embeddable":true,"href":"https:\/\/nativecigarettedepot.asban.dev\/en\/wp-json\/wp\/v2\/product_tag?post=2964"}],"curies":[{"name":"wp","href":"https:\/\/api.w.org\/{rel}","templated":true}]}}