{"id":2961,"date":"2026-01-19T09:59:21","date_gmt":"2026-01-19T14:59:21","guid":{"rendered":"https:\/\/nativecigarettedepot.asban.dev\/?post_type=product&#038;p=2961"},"modified":"2026-02-26T09:16:55","modified_gmt":"2026-02-26T14:16:55","slug":"dumont-charcoal","status":"publish","type":"product","link":"https:\/\/nativecigarettedepot.asban.dev\/en\/produit\/dumont-charcoal\/","title":{"rendered":"duMont Charcoal"},"content":{"rendered":"<h3>Saveur :<\/h3>\n<p>Les cigarettes <a href=\"\/marque\/dumont-cigarettes\/\">duMont<\/a> \u00e0 filtre au charbon offrent une exp\u00e9rience de fumage exceptionnellement douce et pure. Gr\u00e2ce \u00e0 l\u2019utilisation d\u2019un filtre au charbon de bois, la fum\u00e9e est affin\u00e9e et moins \u00e2pre, mettant en valeur les ar\u00f4mes naturels du tabac. Le r\u00e9sultat est un go\u00fbt raffin\u00e9, \u00e9quilibr\u00e9 et agr\u00e9able, avec une sensation de puret\u00e9 accrue \u00e0 chaque bouff\u00e9e.<\/p>\n<h3>Intensit\u00e9 :<\/h3>\n<p><strong>Moyenne<\/strong>. Cette variante propose un \u00e9quilibre harmonieux entre intensit\u00e9 de saveur et douceur, id\u00e9ale pour les fumeurs qui recherchent une exp\u00e9rience satisfaisante tout en privil\u00e9giant une fum\u00e9e plus douce et confortable.<\/p>\n<h3>Marque :<\/h3>\n<p><a href=\"\/marque\/dumont-cigarettes\/\">duMont<\/a> est reconnue pour son engagement envers la qualit\u00e9 et l\u2019innovation dans la fabrication du tabac. La version \u00e0 filtre au charbon illustre cette approche en int\u00e9grant une technologie de filtration avanc\u00e9e, pens\u00e9e pour offrir une exp\u00e9rience de fumage plus pure et ma\u00eetris\u00e9e.<\/p>\n","protected":false},"excerpt":{"rendered":"<p><a href=\"\/marque\/dumont-cigarettes\/\">duMont<\/a> Charcoal Filter offre une fum\u00e9e exceptionnellement douce et pure, gr\u00e2ce \u00e0 une filtration avanc\u00e9e qui adoucit le go\u00fbt du tabac.<\/p>\n","protected":false},"featured_media":3030,"comment_status":"closed","ping_status":"closed","template":"","meta":{"_seopress_robots_primary_cat":"","_seopress_titles_title":"","_seopress_titles_desc":"","_seopress_robots_index":""},"product_brand":[67],"product_cat":[27],"product_tag":[],"class_list":{"0":"post-2961","1":"product","2":"type-product","3":"status-publish","4":"has-post-thumbnail","6":"product_brand-dumont-cigarettes","7":"product_cat-cigarettes","9":"first","10":"instock","11":"shipping-taxable","12":"purchasable","13":"product-type-variable","14":"has-default-attributes"},"_links":{"self":[{"href":"https:\/\/nativecigarettedepot.asban.dev\/en\/wp-json\/wp\/v2\/product\/2961","targetHints":{"allow":["GET"]}}],"collection":[{"href":"https:\/\/nativecigarettedepot.asban.dev\/en\/wp-json\/wp\/v2\/product"}],"about":[{"href":"https:\/\/nativecigarettedepot.asban.dev\/en\/wp-json\/wp\/v2\/types\/product"}],"replies":[{"embeddable":true,"href":"https:\/\/nativecigarettedepot.asban.dev\/en\/wp-json\/wp\/v2\/comments?post=2961"}],"wp:featuredmedia":[{"embeddable":true,"href":"https:\/\/nativecigarettedepot.asban.dev\/en\/wp-json\/wp\/v2\/media\/3030"}],"wp:attachment":[{"href":"https:\/\/nativecigarettedepot.asban.dev\/en\/wp-json\/wp\/v2\/media?parent=2961"}],"wp:term":[{"taxonomy":"product_brand","embeddable":true,"href":"https:\/\/nativecigarettedepot.asban.dev\/en\/wp-json\/wp\/v2\/product_brand?post=2961"},{"taxonomy":"product_cat","embeddable":true,"href":"https:\/\/nativecigarettedepot.asban.dev\/en\/wp-json\/wp\/v2\/product_cat?post=2961"},{"taxonomy":"product_tag","embeddable":true,"href":"https:\/\/nativecigarettedepot.asban.dev\/en\/wp-json\/wp\/v2\/product_tag?post=2961"}],"curies":[{"name":"wp","href":"https:\/\/api.w.org\/{rel}","templated":true}]}}