{"id":2955,"date":"2026-01-19T09:42:20","date_gmt":"2026-01-19T14:42:20","guid":{"rendered":"https:\/\/nativecigarettedepot.asban.dev\/?post_type=product&#038;p=2955"},"modified":"2026-02-26T09:14:38","modified_gmt":"2026-02-26T14:14:38","slug":"dumont-full-flavor","status":"publish","type":"product","link":"https:\/\/nativecigarettedepot.asban.dev\/en\/produit\/dumont-full-flavor\/","title":{"rendered":"duMont Full Flavor"},"content":{"rendered":"<h3>Saveur :<\/h3>\n<p><a href=\"\/marque\/dumont-cigarettes\/\">duMont<\/a> Full offre une exp\u00e9rience de fumage riche et intense, pens\u00e9e pour les fumeurs qui appr\u00e9cient toute la profondeur d\u2019un tabac de qualit\u00e9 sup\u00e9rieure. Son m\u00e9lange soigneusement \u00e9labor\u00e9 procure un go\u00fbt puissant et immersif, mettant en valeur une richesse aromatique bien affirm\u00e9e.<\/p>\n<h3>Intensit\u00e9 :<\/h3>\n<p><strong>Forte<\/strong>. Cette variante est con\u00e7ue pour offrir une fum\u00e9e cors\u00e9e et soutenue, avec une intensit\u00e9 marqu\u00e9e et durable. Elle s\u2019adresse aux fumeurs exp\u00e9riment\u00e9s en qu\u00eate d\u2019un tabac au caract\u00e8re prononc\u00e9.<\/p>\n<h3>Marque :<\/h3>\n<p><a href=\"\/marque\/dumont-cigarettes\/\">duMont<\/a> est une marque reconnue pour son engagement envers la qualit\u00e9 et l\u2019excellence dans la fabrication du tabac. Avec la version Full, elle propose un produit haut de gamme destin\u00e9 aux fumeurs recherchant une exp\u00e9rience riche en saveurs, sans compromis sur le go\u00fbt ni la constance.<\/p>\n","protected":false},"excerpt":{"rendered":"<p><a href=\"\/marque\/dumont-cigarettes\/\">duMont<\/a> Full offre une exp\u00e9rience de fumage riche et immersive, avec un go\u00fbt intense destin\u00e9 aux fumeurs qui appr\u00e9cient un tabac puissant.<\/p>\n","protected":false},"featured_media":3033,"comment_status":"closed","ping_status":"closed","template":"","meta":{"_seopress_robots_primary_cat":"","_seopress_titles_title":"","_seopress_titles_desc":"","_seopress_robots_index":""},"product_brand":[67],"product_cat":[27],"product_tag":[],"class_list":{"0":"post-2955","1":"product","2":"type-product","3":"status-publish","4":"has-post-thumbnail","6":"product_brand-dumont-cigarettes","7":"product_cat-cigarettes","9":"first","10":"instock","11":"shipping-taxable","12":"purchasable","13":"product-type-variable","14":"has-default-attributes"},"_links":{"self":[{"href":"https:\/\/nativecigarettedepot.asban.dev\/en\/wp-json\/wp\/v2\/product\/2955","targetHints":{"allow":["GET"]}}],"collection":[{"href":"https:\/\/nativecigarettedepot.asban.dev\/en\/wp-json\/wp\/v2\/product"}],"about":[{"href":"https:\/\/nativecigarettedepot.asban.dev\/en\/wp-json\/wp\/v2\/types\/product"}],"replies":[{"embeddable":true,"href":"https:\/\/nativecigarettedepot.asban.dev\/en\/wp-json\/wp\/v2\/comments?post=2955"}],"wp:featuredmedia":[{"embeddable":true,"href":"https:\/\/nativecigarettedepot.asban.dev\/en\/wp-json\/wp\/v2\/media\/3033"}],"wp:attachment":[{"href":"https:\/\/nativecigarettedepot.asban.dev\/en\/wp-json\/wp\/v2\/media?parent=2955"}],"wp:term":[{"taxonomy":"product_brand","embeddable":true,"href":"https:\/\/nativecigarettedepot.asban.dev\/en\/wp-json\/wp\/v2\/product_brand?post=2955"},{"taxonomy":"product_cat","embeddable":true,"href":"https:\/\/nativecigarettedepot.asban.dev\/en\/wp-json\/wp\/v2\/product_cat?post=2955"},{"taxonomy":"product_tag","embeddable":true,"href":"https:\/\/nativecigarettedepot.asban.dev\/en\/wp-json\/wp\/v2\/product_tag?post=2955"}],"curies":[{"name":"wp","href":"https:\/\/api.w.org\/{rel}","templated":true}]}}