{"id":2951,"date":"2026-01-19T09:37:00","date_gmt":"2026-01-19T14:37:00","guid":{"rendered":"https:\/\/nativecigarettedepot.asban.dev\/?post_type=product&#038;p=2951"},"modified":"2026-02-26T09:12:42","modified_gmt":"2026-02-26T14:12:42","slug":"dumont-lights","status":"publish","type":"product","link":"https:\/\/nativecigarettedepot.asban.dev\/en\/produit\/dumont-lights\/","title":{"rendered":"Dumont Lights"},"content":{"rendered":"<h3>Saveur :<\/h3>\n<p>Les cigarettes <a href=\"\/marque\/dumont-cigarettes\/\">duMont<\/a> <a href=\"\/categorie-produit\/cigarettes\/cigarettes-legeres\/\">Lights<\/a> offrent une exp\u00e9rience de fumage douce et l\u00e9g\u00e8re, pens\u00e9e pour les fumeurs qui privil\u00e9gient une sensation plus d\u00e9licate. Leur fum\u00e9e agr\u00e9able met en valeur une saveur de tabac subtile, sans la lourdeur associ\u00e9e aux m\u00e9langes plus cors\u00e9s.<\/p>\n<h3>Intensit\u00e9 :<\/h3>\n<p><strong>Faible \u00e0 moyenne<\/strong>. Cette variante est con\u00e7ue pour proposer une intensit\u00e9 mod\u00e9r\u00e9e, id\u00e9ale pour ceux qui recherchent une exp\u00e9rience plus douce tout en conservant une qualit\u00e9 de fum\u00e9e constante et satisfaisante.<\/p>\n<h3>Marque :<\/h3>\n<p><a href=\"\/marque\/dumont-cigarettes\/\">duMont<\/a> est une marque reconnue pour son engagement envers la qualit\u00e9 et la diversit\u00e9 de ses produits. Avec la version <a href=\"\/categorie-produit\/cigarettes\/cigarettes-legeres\/\">Lights<\/a>, elle r\u00e9pond aux pr\u00e9f\u00e9rences d\u2019un large \u00e9ventail de fumeurs en proposant une option plus l\u00e9g\u00e8re, fid\u00e8le \u00e0 son savoir-faire.<\/p>\n","protected":false},"excerpt":{"rendered":"<p><a href=\"\/marque\/dumont-cigarettes\/\">duMont<\/a> <a href=\"\/categorie-produit\/cigarettes\/cigarettes-legeres\/\">Lights<\/a> propose une fum\u00e9e plus l\u00e9g\u00e8re et douce, id\u00e9ale pour une exp\u00e9rience \u00e9quilibr\u00e9e sans lourdeur.<\/p>\n","protected":false},"featured_media":3035,"comment_status":"closed","ping_status":"closed","template":"","meta":{"_seopress_robots_primary_cat":"","_seopress_titles_title":"","_seopress_titles_desc":"","_seopress_robots_index":""},"product_brand":[67],"product_cat":[27,82],"product_tag":[],"class_list":{"0":"post-2951","1":"product","2":"type-product","3":"status-publish","4":"has-post-thumbnail","6":"product_brand-dumont-cigarettes","7":"product_cat-cigarettes","8":"product_cat-cigarettes-legeres","10":"first","11":"instock","12":"shipping-taxable","13":"purchasable","14":"product-type-variable","15":"has-default-attributes"},"_links":{"self":[{"href":"https:\/\/nativecigarettedepot.asban.dev\/en\/wp-json\/wp\/v2\/product\/2951","targetHints":{"allow":["GET"]}}],"collection":[{"href":"https:\/\/nativecigarettedepot.asban.dev\/en\/wp-json\/wp\/v2\/product"}],"about":[{"href":"https:\/\/nativecigarettedepot.asban.dev\/en\/wp-json\/wp\/v2\/types\/product"}],"replies":[{"embeddable":true,"href":"https:\/\/nativecigarettedepot.asban.dev\/en\/wp-json\/wp\/v2\/comments?post=2951"}],"wp:featuredmedia":[{"embeddable":true,"href":"https:\/\/nativecigarettedepot.asban.dev\/en\/wp-json\/wp\/v2\/media\/3035"}],"wp:attachment":[{"href":"https:\/\/nativecigarettedepot.asban.dev\/en\/wp-json\/wp\/v2\/media?parent=2951"}],"wp:term":[{"taxonomy":"product_brand","embeddable":true,"href":"https:\/\/nativecigarettedepot.asban.dev\/en\/wp-json\/wp\/v2\/product_brand?post=2951"},{"taxonomy":"product_cat","embeddable":true,"href":"https:\/\/nativecigarettedepot.asban.dev\/en\/wp-json\/wp\/v2\/product_cat?post=2951"},{"taxonomy":"product_tag","embeddable":true,"href":"https:\/\/nativecigarettedepot.asban.dev\/en\/wp-json\/wp\/v2\/product_tag?post=2951"}],"curies":[{"name":"wp","href":"https:\/\/api.w.org\/{rel}","templated":true}]}}