{"id":2911,"date":"2026-01-16T13:25:43","date_gmt":"2026-01-16T18:25:43","guid":{"rendered":"https:\/\/nativecigarettedepot.asban.dev\/?post_type=product&#038;p=2911"},"modified":"2026-02-25T17:05:52","modified_gmt":"2026-02-25T22:05:52","slug":"elite-signature","status":"publish","type":"product","link":"https:\/\/nativecigarettedepot.asban.dev\/en\/produit\/elite-signature\/","title":{"rendered":"ELITE Signature"},"content":{"rendered":"<h3>Saveur :<\/h3>\n<p><a href=\"\/marque\/elite\/\">ELITE<\/a> Signature offre un m\u00e9lange de saveurs riche et soign\u00e9, con\u00e7u pour procurer une exp\u00e9rience de fumage raffin\u00e9e. Son profil aromatique met en valeur la qualit\u00e9 du tabac, avec une pr\u00e9sence \u00e9l\u00e9gante et \u00e9quilibr\u00e9e qui se distingue par sa constance et sa douceur.<\/p>\n<h3>Intensit\u00e9 :<\/h3>\n<p><strong>Moyenne<\/strong>. Cette variante propose une intensit\u00e9 ma\u00eetris\u00e9e, alliant caract\u00e8re et confort. Chaque bouff\u00e9e offre une sensation agr\u00e9able et fluide, id\u00e9ale pour les fumeurs \u00e0 la recherche d\u2019un bon \u00e9quilibre entre go\u00fbt et douceur.<\/p>\n<h3>Marque :<\/h3>\n<p><a href=\"\/marque\/elite\/\">ELITE<\/a> est une marque orient\u00e9e vers la qualit\u00e9 et le raffinement. Avec la gamme Signature, elle s\u2019adresse aux fumeurs exigeants en proposant des cigarettes soigneusement \u00e9labor\u00e9es, pens\u00e9es pour offrir une exp\u00e9rience fiable, agr\u00e9able et distingu\u00e9e.<\/p>\n","protected":false},"excerpt":{"rendered":"<p><a href=\"\/marque\/elite\/\">ELITE<\/a> Signature offre une exp\u00e9rience de fumage raffin\u00e9e, avec un go\u00fbt \u00e9quilibr\u00e9 et une fum\u00e9e douce, destin\u00e9e aux fumeurs \u00e0 la recherche d\u2019\u00e9l\u00e9gance et de constance.<\/p>\n","protected":false},"featured_media":3664,"comment_status":"closed","ping_status":"closed","template":"","meta":{"_seopress_robots_primary_cat":"","_seopress_titles_title":"","_seopress_titles_desc":"","_seopress_robots_index":""},"product_brand":[66],"product_cat":[27],"product_tag":[],"class_list":{"0":"post-2911","1":"product","2":"type-product","3":"status-publish","4":"has-post-thumbnail","6":"product_brand-elite","7":"product_cat-cigarettes","9":"first","10":"instock","11":"shipping-taxable","12":"purchasable","13":"product-type-variable","14":"has-default-attributes"},"_links":{"self":[{"href":"https:\/\/nativecigarettedepot.asban.dev\/en\/wp-json\/wp\/v2\/product\/2911","targetHints":{"allow":["GET"]}}],"collection":[{"href":"https:\/\/nativecigarettedepot.asban.dev\/en\/wp-json\/wp\/v2\/product"}],"about":[{"href":"https:\/\/nativecigarettedepot.asban.dev\/en\/wp-json\/wp\/v2\/types\/product"}],"replies":[{"embeddable":true,"href":"https:\/\/nativecigarettedepot.asban.dev\/en\/wp-json\/wp\/v2\/comments?post=2911"}],"wp:featuredmedia":[{"embeddable":true,"href":"https:\/\/nativecigarettedepot.asban.dev\/en\/wp-json\/wp\/v2\/media\/3664"}],"wp:attachment":[{"href":"https:\/\/nativecigarettedepot.asban.dev\/en\/wp-json\/wp\/v2\/media?parent=2911"}],"wp:term":[{"taxonomy":"product_brand","embeddable":true,"href":"https:\/\/nativecigarettedepot.asban.dev\/en\/wp-json\/wp\/v2\/product_brand?post=2911"},{"taxonomy":"product_cat","embeddable":true,"href":"https:\/\/nativecigarettedepot.asban.dev\/en\/wp-json\/wp\/v2\/product_cat?post=2911"},{"taxonomy":"product_tag","embeddable":true,"href":"https:\/\/nativecigarettedepot.asban.dev\/en\/wp-json\/wp\/v2\/product_tag?post=2911"}],"curies":[{"name":"wp","href":"https:\/\/api.w.org\/{rel}","templated":true}]}}