{"id":2774,"date":"2026-01-15T15:34:16","date_gmt":"2026-01-15T20:34:16","guid":{"rendered":"https:\/\/nativecigarettedepot.asban.dev\/?post_type=product&#038;p=2774"},"modified":"2026-02-25T16:28:03","modified_gmt":"2026-02-25T21:28:03","slug":"canadian-menthol","status":"publish","type":"product","link":"https:\/\/nativecigarettedepot.asban.dev\/en\/produit\/canadian-menthol\/","title":{"rendered":"Canadian Menthol"},"content":{"rendered":"<h3>Saveur :<\/h3>\n<p>Les cigarettes <a href=\"\/marque\/canadian\/\">Canadian<\/a> <a href=\"\/categorie-produit\/cigarettes\/cigarettes-menthol\/\">Menthol<\/a> offrent un go\u00fbt menthol\u00e9 rafra\u00eechissant qui \u00e9veille les sens. L\u2019infusion de menthol est soigneusement \u00e9quilibr\u00e9e, apportant une fra\u00eecheur bien pr\u00e9sente tout en restant douce et confortable \u00e0 l\u2019inhalation. Chaque bouff\u00e9e procure une sensation de puret\u00e9, o\u00f9 la fra\u00eecheur du menthol rehausse la douceur naturelle du tabac pour un contraste agr\u00e9able et constant, id\u00e9al pour une consommation quotidienne.<\/p>\n<h3>Intensit\u00e9 :<\/h3>\n<p><strong>Moyenne<\/strong>. Cette variante conserve une intensit\u00e9 de tabac satisfaisante, compl\u00e9t\u00e9e par une touche menthol\u00e9e rafra\u00eechissante. Un \u00e9quilibre appr\u00e9ci\u00e9 autant par les fumeurs r\u00e9guliers que par les fumeurs occasionnels.<\/p>\n<h3>Marque :<\/h3>\n<p>La marque se distingue par son engagement envers la qualit\u00e9 et par le d\u00e9veloppement de m\u00e9langes soign\u00e9s. Cette version menthol\u00e9e refl\u00e8te son souci d\u2019offrir une exp\u00e9rience de fumage \u00e9quilibr\u00e9e, alliant fra\u00eecheur, constance et plaisir.<\/p>\n","protected":false},"excerpt":{"rendered":"<p><a href=\"\/marque\/canadian\/\">Canadian<\/a> <a href=\"\/categorie-produit\/cigarettes\/cigarettes-menthol\/\">Menthol<\/a> offre une fra\u00eecheur menthol\u00e9e franche et stimulante, combin\u00e9e \u00e0 un tabac \u00e9quilibr\u00e9 pour une fum\u00e9e nette, l\u00e9g\u00e8re en bouche et agr\u00e9able \u00e0 chaque bouff\u00e9e.<\/p>\n","protected":false},"featured_media":2777,"comment_status":"closed","ping_status":"closed","template":"","meta":{"_seopress_robots_primary_cat":"","_seopress_titles_title":"","_seopress_titles_desc":"","_seopress_robots_index":""},"product_brand":[73],"product_cat":[27,83],"product_tag":[],"class_list":{"0":"post-2774","1":"product","2":"type-product","3":"status-publish","4":"has-post-thumbnail","6":"product_brand-canadian","7":"product_cat-cigarettes","8":"product_cat-cigarettes-menthol","10":"first","11":"instock","12":"shipping-taxable","13":"purchasable","14":"product-type-variable","15":"has-default-attributes"},"_links":{"self":[{"href":"https:\/\/nativecigarettedepot.asban.dev\/en\/wp-json\/wp\/v2\/product\/2774","targetHints":{"allow":["GET"]}}],"collection":[{"href":"https:\/\/nativecigarettedepot.asban.dev\/en\/wp-json\/wp\/v2\/product"}],"about":[{"href":"https:\/\/nativecigarettedepot.asban.dev\/en\/wp-json\/wp\/v2\/types\/product"}],"replies":[{"embeddable":true,"href":"https:\/\/nativecigarettedepot.asban.dev\/en\/wp-json\/wp\/v2\/comments?post=2774"}],"wp:featuredmedia":[{"embeddable":true,"href":"https:\/\/nativecigarettedepot.asban.dev\/en\/wp-json\/wp\/v2\/media\/2777"}],"wp:attachment":[{"href":"https:\/\/nativecigarettedepot.asban.dev\/en\/wp-json\/wp\/v2\/media?parent=2774"}],"wp:term":[{"taxonomy":"product_brand","embeddable":true,"href":"https:\/\/nativecigarettedepot.asban.dev\/en\/wp-json\/wp\/v2\/product_brand?post=2774"},{"taxonomy":"product_cat","embeddable":true,"href":"https:\/\/nativecigarettedepot.asban.dev\/en\/wp-json\/wp\/v2\/product_cat?post=2774"},{"taxonomy":"product_tag","embeddable":true,"href":"https:\/\/nativecigarettedepot.asban.dev\/en\/wp-json\/wp\/v2\/product_tag?post=2774"}],"curies":[{"name":"wp","href":"https:\/\/api.w.org\/{rel}","templated":true}]}}